{"id":14,"date":"2025-08-05T22:46:57","date_gmt":"2025-08-05T20:46:57","guid":{"rendered":"https:\/\/estudiocreativokuple.com\/?page_id=14"},"modified":"2025-08-07T13:49:13","modified_gmt":"2025-08-07T11:49:13","slug":"pagina-en-construccion","status":"publish","type":"page","link":"https:\/\/estudiocreativokuple.com\/","title":{"rendered":"P\u00e1gina en construccion"},"content":{"rendered":"<p>[et_pb_section fb_built=\u00bb1&#8243; _builder_version=\u00bb4.27.4&#8243; _module_preset=\u00bbdefault\u00bb background_color=\u00bb#020091&#8243; global_colors_info=\u00bb{}\u00bb][et_pb_row _builder_version=\u00bb4.27.4&#8243; _module_preset=\u00bbdefault\u00bb background_color=\u00bbRGBA(255,255,255,0)\u00bb width=\u00bb100%\u00bb width_tablet=\u00bb100%\u00bb width_phone=\u00bb80%\u00bb width_last_edited=\u00bbon|phone\u00bb max_width=\u00bb2560px\u00bb max_width_tablet=\u00bb2560px\u00bb max_width_phone=\u00bb2560%\u00bb max_width_last_edited=\u00bbon|phone\u00bb custom_padding=\u00bb13px|||||\u00bb global_colors_info=\u00bb{}\u00bb][et_pb_column type=\u00bb4_4&#8243; _builder_version=\u00bb4.27.4&#8243; _module_preset=\u00bbdefault\u00bb global_colors_info=\u00bb{}\u00bb][et_pb_text _builder_version=\u00bb4.27.4&#8243; _module_preset=\u00bbdefault\u00bb text_font=\u00bb&#8211;et_global_body_font|300|||||||\u00bb text_text_color=\u00bb#FFFFFF\u00bb text_font_size=\u00bb15px\u00bb header_text_color=\u00bb#FFFFFF\u00bb header_2_font=\u00bbFira Sans|200|||||||\u00bb header_2_font_size=\u00bb19px\u00bb header_2_line_height=\u00bb1.2em\u00bb header_3_font=\u00bbFira Sans||||||||\u00bb header_3_text_color=\u00bb#E09900&#8243; header_3_font_size=\u00bb17px\u00bb width=\u00bb100%\u00bb max_width=\u00bb100%\u00bb module_alignment=\u00bbcenter\u00bb custom_margin_tablet=\u00bb\u00bb custom_margin_phone=\u00bb||20px||false|false\u00bb custom_margin_last_edited=\u00bbon|phone\u00bb header_font_tablet=\u00bb\u00bb header_font_phone=\u00bb\u00bb header_font_last_edited=\u00bbon|phone\u00bb header_2_font_tablet=\u00bbFira Sans|200|||||||\u00bb header_2_font_phone=\u00bbFira Sans|200|||||||\u00bb header_2_font_last_edited=\u00bbon|desktop\u00bb global_colors_info=\u00bb{}\u00bb]<\/p>\n<h2 style=\"text-align: center;\"><span style=\"color: #ffffff;\">Imagina un espacio donde la pasi\u00f3n por el arte, la cultura y la comunicaci\u00f3n confluyen, se unen, se conocen y van de la mano hasta el final.<\/span><\/h2>\n<p>[\/et_pb_text][et_pb_text _builder_version=\u00bb4.27.4&#8243; _module_preset=\u00bbdefault\u00bb text_text_color=\u00bb#FFFFFF\u00bb header_font=\u00bbFira Sans||||||||\u00bb header_font_size=\u00bb17px\u00bb header_3_font=\u00bbFira Sans|300|||||||\u00bb header_3_text_color=\u00bb#8300E9&#8243; header_3_font_size=\u00bb25px\u00bb custom_margin=\u00bb-53px|||||\u00bb custom_margin_tablet=\u00bb-53px|||||\u00bb custom_margin_phone=\u00bb0px||||false|false\u00bb custom_margin_last_edited=\u00bbon|phone\u00bb header_font_tablet=\u00bbFira Sans||||||||\u00bb header_font_phone=\u00bbFira Sans||||||||\u00bb header_font_last_edited=\u00bbon|phone\u00bb header_2_font_tablet=\u00bb\u00bb header_2_font_phone=\u00bbFira Sans||||||||\u00bb header_2_font_last_edited=\u00bbon|phone\u00bb header_3_font_tablet=\u00bbFira Sans||||||||\u00bb header_3_font_phone=\u00bbFira Sans||||||||\u00bb header_3_font_last_edited=\u00bbon|desktop\u00bb header_3_font_size_tablet=\u00bb25px\u00bb header_3_font_size_phone=\u00bb19px\u00bb header_3_font_size_last_edited=\u00bbon|phone\u00bb header_3_line_height_tablet=\u00bb\u00bb header_3_line_height_phone=\u00bb1.1em\u00bb header_3_line_height_last_edited=\u00bbon|phone\u00bb global_colors_info=\u00bb{}\u00bb]<\/p>\n<h3 style=\"text-align: center;\"><span style=\"font-size: 19px; color: #ffffff;\">Yo tambi\u00e9n lo imaginab<\/span><span style=\"font-size: 19px; color: #ffffff;\">a, hasta que lo hice realidad.<\/span><\/h3>\n<p>[\/et_pb_text][\/et_pb_column][\/et_pb_row][et_pb_row column_structure=\u00bb1_3,1_3,1_3&#8243; _builder_version=\u00bb4.27.4&#8243; _module_preset=\u00bbdefault\u00bb background_color=\u00bb#020091&#8243; width=\u00bb73%\u00bb max_width=\u00bb1366px\u00bb module_alignment=\u00bbcenter\u00bb hover_enabled=\u00bb0&#8243; global_colors_info=\u00bb{}\u00bb sticky_enabled=\u00bb0&#8243;][et_pb_column type=\u00bb1_3&#8243; _builder_version=\u00bb4.27.4&#8243; _module_preset=\u00bbdefault\u00bb transform_scale=\u00bb104%|104%\u00bb global_colors_info=\u00bb{}\u00bb][\/et_pb_column][et_pb_column type=\u00bb1_3&#8243; _builder_version=\u00bb4.27.4&#8243; _module_preset=\u00bbdefault\u00bb global_colors_info=\u00bb{}\u00bb][et_pb_image src=\u00bbhttps:\/\/estudiocreativokuple.com\/wp-content\/uploads\/2025\/08\/estudiocreativokuple-logo-blanco1-scaled.png\u00bb title_text=\u00bbestudiocreativokuple-logo blanco1&#8243; _builder_version=\u00bb4.27.4&#8243; _module_preset=\u00bbdefault\u00bb max_width=\u00bb100%\u00bb hover_enabled=\u00bb0&#8243; global_colors_info=\u00bb{}\u00bb align=\u00bbcenter\u00bb sticky_enabled=\u00bb0&#8243;][\/et_pb_image][\/et_pb_column][et_pb_column type=\u00bb1_3&#8243; _builder_version=\u00bb4.27.4&#8243; _module_preset=\u00bbdefault\u00bb global_colors_info=\u00bb{}\u00bb][\/et_pb_column][\/et_pb_row][et_pb_row _builder_version=\u00bb4.27.4&#8243; _module_preset=\u00bbdefault\u00bb background_color=\u00bbRGBA(255,255,255,0)\u00bb width=\u00bb100%\u00bb width_tablet=\u00bb100%\u00bb width_phone=\u00bb100%\u00bb width_last_edited=\u00bbon|phone\u00bb max_width=\u00bb2560px\u00bb custom_padding=\u00bb||2px|||\u00bb global_colors_info=\u00bb{}\u00bb][et_pb_column type=\u00bb4_4&#8243; _builder_version=\u00bb4.27.4&#8243; _module_preset=\u00bbdefault\u00bb global_colors_info=\u00bb{}\u00bb][et_pb_text content_tablet=\u00bb<\/p>\n<h2 style=%22text-align: center;%22><span style=%22color: #ffffff; font-size: medium; font-family: 'Fira Mono'; font-weight: normal;%22>identidad visual   \u00b7   visualizaci\u00f3n 3D   \u00b7   social media   \u00b7   comunicaci\u00f3n digital<\/span><\/h2>\n<p>\u00bb content_phone=\u00bb<\/p>\n<h2 style=%22text-align: center;%22><span style=%22color: #ffffff; font-size: medium; font-family: 'Fira Mono'; font-weight: normal;%22>identidad visual<\/span><\/h2>\n<h2 style=%22text-align: center;%22><span style=%22color: #ffffff; font-size: medium; font-family: 'Fira Mono';%22>\u00b7<\/span><\/h2>\n<h2 style=%22text-align: center;%22><span style=%22color: #ffffff; font-size: medium; font-family: 'Fira Mono';%22>visualizaci\u00f3n 3D<\/span><\/h2>\n<h2 style=%22text-align: center;%22><span style=%22color: #ffffff; font-family: 'Fira Mono'; font-size: medium;%22>\u00b7<\/span><\/h2>\n<h2 style=%22text-align: center;%22><span style=%22color: #ffffff; font-family: 'Fira Mono'; font-size: medium;%22>social media<\/span><\/h2>\n<h2 style=%22text-align: center;%22><span style=%22color: #ffffff; font-family: 'Fira Mono'; font-size: medium;%22>\u00b7<\/span><\/h2>\n<h2 style=%22text-align: center;%22><span style=%22color: #ffffff; font-family: 'Fira Mono'; font-size: medium;%22>comunicaci\u00f3n digital<\/span><\/h2>\n<p>\u00bb content_last_edited=\u00bbon|phone\u00bb _builder_version=\u00bb4.27.4&#8243; _module_preset=\u00bbdefault\u00bb text_font=\u00bb&#8211;et_global_body_font|300|||||||\u00bb text_text_color=\u00bb#FFFFFF\u00bb text_font_size=\u00bb15px\u00bb text_line_height=\u00bb1.6em\u00bb header_text_color=\u00bb#000000&#8243; header_2_font=\u00bbFira Sans|200|||||||\u00bb header_2_text_color=\u00bb#FFFFFF\u00bb header_2_font_size=\u00bb25px\u00bb header_3_text_color=\u00bb#E09900&#8243; header_3_font_size=\u00bb25px\u00bb width=\u00bb100%\u00bb width_tablet=\u00bb100%\u00bb width_phone=\u00bb100%\u00bb width_last_edited=\u00bbon|phone\u00bb max_width=\u00bb100%\u00bb max_width_tablet=\u00bb100%\u00bb max_width_phone=\u00bb79%\u00bb max_width_last_edited=\u00bbon|phone\u00bb module_alignment=\u00bbcenter\u00bb custom_margin_tablet=\u00bb\u00bb custom_margin_phone=\u00bb||20px||false|false\u00bb custom_margin_last_edited=\u00bbon|phone\u00bb text_font_size_tablet=\u00bb15px\u00bb text_font_size_phone=\u00bb17px\u00bb text_font_size_last_edited=\u00bbon|phone\u00bb header_2_font_size_tablet=\u00bb25px\u00bb header_2_font_size_phone=\u00bb19px\u00bb header_2_font_size_last_edited=\u00bbon|phone\u00bb inline_fonts=\u00bbFira Mono\u00bb global_colors_info=\u00bb{}\u00bb]<\/p>\n<h2 style=\"text-align: center;\"><span style=\"color: #ffffff; font-size: medium; font-family: 'Fira Mono'; font-weight: normal;\">identidad visual\u00a0 \u00a0\u00b7\u00a0 \u00a0visualizaci\u00f3n 3D\u00a0 \u00a0\u00b7\u00a0 \u00a0social media\u00a0 \u00a0\u00b7\u00a0 \u00a0comunicaci\u00f3n digital<\/span><\/h2>\n<p>[\/et_pb_text][et_pb_text _builder_version=\u00bb4.27.4&#8243; _module_preset=\u00bbdefault\u00bb text_font=\u00bb&#8211;et_global_body_font|300|||||||\u00bb text_text_color=\u00bb#FFFFFF\u00bb text_font_size=\u00bb15px\u00bb header_text_color=\u00bb#FFFFFF\u00bb header_2_font=\u00bbFira Sans|200|||||||\u00bb header_2_font_size=\u00bb22px\u00bb header_3_text_color=\u00bb#E09900&#8243; header_3_font_size=\u00bb25px\u00bb width=\u00bb100%\u00bb width_tablet=\u00bb100%\u00bb width_phone=\u00bb100%\u00bb width_last_edited=\u00bbon|desktop\u00bb max_width=\u00bb100%\u00bb max_width_tablet=\u00bb100%\u00bb max_width_phone=\u00bb85%\u00bb max_width_last_edited=\u00bbon|phone\u00bb module_alignment=\u00bbcenter\u00bb custom_margin=\u00bb0px||||false|false\u00bb custom_margin_tablet=\u00bb0px||||false|false\u00bb custom_margin_phone=\u00bb10px||||false|false\u00bb custom_margin_last_edited=\u00bbon|phone\u00bb inline_fonts=\u00bbFira Mono,Fira Sans\u00bb global_colors_info=\u00bb{}\u00bb]<\/p>\n<h2 style=\"text-align: center;\"><span style=\"color: rgba(255, 255, 255, 0.56); font-size: medium; font-family: 'Fira Sans'; font-weight: normal;\">Esta p\u00e1gina se est\u00e1 construyendo, pero eso no quiere decir que no podamos trabajar juntos.<\/span><\/h2>\n<h2 style=\"text-align: center;\"><span style=\"color: rgba(255, 255, 255, 0.56); font-size: medium; font-family: 'Fira Sans'; font-weight: normal;\">Me llamo Lou, y estoy encantada de atenderte.<\/span><\/h2>\n<h2 style=\"text-align: center;\"><span style=\"color: rgba(255, 255, 255, 0.56); font-size: medium; font-family: 'Fira Sans'; font-weight: normal;\">Puedes escribirme aqu\u00ed: <\/span><a href=\"mailto:lou@estudiocreativokuple.com\"><span style=\"color: rgba(255, 255, 255, 0.56); font-size: medium; font-family: 'Fira Sans'; font-weight: normal;\">lou@estudiocreativokuple.com<\/span><\/a><\/h2>\n<p>[\/et_pb_text][\/et_pb_column][\/et_pb_row][\/et_pb_section]<\/p>\n","protected":false},"excerpt":{"rendered":"<p>Imagina un espacio donde la pasi\u00f3n por el arte, la cultura y la comunicaci\u00f3n confluyen, se unen, se conocen y van de la mano hasta el final.Yo tambi\u00e9n lo imaginaba, hasta que lo hice realidad.identidad visual\u00a0 \u00a0\u00b7\u00a0 \u00a0visualizaci\u00f3n 3D\u00a0 \u00a0\u00b7\u00a0 \u00a0social media\u00a0 \u00a0\u00b7\u00a0 \u00a0comunicaci\u00f3n digitalEsta p\u00e1gina se est\u00e1 construyendo, pero eso no quiere decir que [&hellip;]<\/p>\n","protected":false},"author":1,"featured_media":0,"parent":0,"menu_order":0,"comment_status":"closed","ping_status":"closed","template":"page-template-blank.php","meta":{"_et_pb_use_builder":"on","_et_pb_old_content":"","_et_gb_content_width":"","footnotes":""},"class_list":["post-14","page","type-page","status-publish","hentry"],"_links":{"self":[{"href":"https:\/\/estudiocreativokuple.com\/index.php\/wp-json\/wp\/v2\/pages\/14","targetHints":{"allow":["GET"]}}],"collection":[{"href":"https:\/\/estudiocreativokuple.com\/index.php\/wp-json\/wp\/v2\/pages"}],"about":[{"href":"https:\/\/estudiocreativokuple.com\/index.php\/wp-json\/wp\/v2\/types\/page"}],"author":[{"embeddable":true,"href":"https:\/\/estudiocreativokuple.com\/index.php\/wp-json\/wp\/v2\/users\/1"}],"replies":[{"embeddable":true,"href":"https:\/\/estudiocreativokuple.com\/index.php\/wp-json\/wp\/v2\/comments?post=14"}],"version-history":[{"count":18,"href":"https:\/\/estudiocreativokuple.com\/index.php\/wp-json\/wp\/v2\/pages\/14\/revisions"}],"predecessor-version":[{"id":45,"href":"https:\/\/estudiocreativokuple.com\/index.php\/wp-json\/wp\/v2\/pages\/14\/revisions\/45"}],"wp:attachment":[{"href":"https:\/\/estudiocreativokuple.com\/index.php\/wp-json\/wp\/v2\/media?parent=14"}],"curies":[{"name":"wp","href":"https:\/\/api.w.org\/{rel}","templated":true}]}}